{"id":2071,"date":"2025-12-09T18:30:11","date_gmt":"2025-12-09T18:30:11","guid":{"rendered":"https:\/\/yummyfruit.dk\/?page_id=2071"},"modified":"2025-12-11T00:11:34","modified_gmt":"2025-12-11T00:11:34","slug":"leverandoerservice","status":"publish","type":"page","link":"https:\/\/yummyfruit.dk\/index.php\/leverandoerservice\/","title":{"rendered":"Leverand\u00f8rservice"},"content":{"rendered":"\n<h3 class=\"wp-block-heading\">Hvorfor tilmelde din virksomhed?<\/h3>\n\n\n\n<p>Ved at tilmelde dig Leverand\u00f8rservice f\u00e5r du en enkel og professionel betalingsl\u00f8sning, der passer til B2B-samarbejder med faste leverancer og gentagne betalinger.&nbsp;<\/p>\n\n\n\n<p><strong data-start=\"1161\" data-end=\"1191\">Fordele for dig som kunde:<\/strong><\/p>\n\n\n\n<ul class=\"wp-block-list\">\n<li><p data-start=\"1194\" data-end=\"1291\"><strong data-start=\"1194\" data-end=\"1222\">Altid betaling til tiden<\/strong> \u2013 uden at du skal huske det.<\/p><\/li>\n\n\n\n<li><p data-start=\"1294\" data-end=\"1420\"><strong data-start=\"1294\" data-end=\"1319\">Mindre administration<\/strong> \u2013 f\u00e6rre manuelle overf\u00f8rsler og mindre risiko for tastefejl.<\/p><\/li>\n\n\n\n<li><p data-start=\"1423\" data-end=\"1540\"><strong data-start=\"1423\" data-end=\"1453\">Bedre overblik i \u00f8konomien<\/strong> \u2013 betalinger f\u00f8lger en tydelig og fast proces.<\/p><\/li>\n\n\n\n<li><p data-start=\"1543\" data-end=\"1662\"><strong data-start=\"1543\" data-end=\"1577\">Enkendt, bankforankret l\u00f8sning<\/strong> designet til betalinger mellem virksomheder.\u00a0<\/p><\/li>\n<\/ul>\n\n\n\n<p><strong data-start=\"1664\" data-end=\"1687\">Tryghed og kontrol:<\/strong><br>Du kan til enhver tid <strong data-start=\"1710\" data-end=\"1749\">afmelde\/slette betalingstilladelsen<\/strong> via din bank eller ved at kontakte os. Det koster ikke noget at slette en Leverand\u00f8rservice-betalingstilladelse eller at tilmelde sig.<\/p>\n\n\n\n<p>Klik p\u00e5 nedenst\u00e5ende knap for at tilmelde dig<\/p>\n\n\n\n<p>&nbsp;<\/p>\n\n\n\n<div class=\"wp-block-columns is-layout-flex wp-container-core-columns-is-layout-28f84493 wp-block-columns-is-layout-flex\">\n<div class=\"wp-block-column is-layout-flow wp-block-column-is-layout-flow\" style=\"flex-basis:33.34%\"><\/div>\n\n\n\n<div class=\"wp-block-column is-layout-flow wp-block-column-is-layout-flow\" style=\"flex-basis:33.34%\">      <button type=\"button\"\n              id=\"yf-ls-open-1\"\n              class=\"yf-btn yf-btn-primary\"\n              data-yf-ls-button=\"1\"\n              data-url=\"https:\/\/signup.leverandoerservice.dk?ref=ad2036\"\n              data-callback=\"https:\/\/yummyfruit.dk\/ls-callback\/\"\n              data-append-callback=\"0\"\n              data-status-id=\"yf-ls-status-1\">\n        Leverand\u00f8rservice \u2013 tilmeld      <\/button>\n      <div id=\"yf-ls-status-1\" class=\"yf-ls-status\" style=\"margin-top:8px; font-weight:600;\"><\/div>\n    \n<\/div>\n\n\n\n<div class=\"wp-block-column is-layout-flow wp-block-column-is-layout-flow\" style=\"flex-basis:33.33%\"><\/div>\n<\/div>\n\n\n\n<div class=\"wp-block-columns is-layout-flex wp-container-core-columns-is-layout-28f84493 wp-block-columns-is-layout-flex\">\n<div class=\"wp-block-column is-layout-flow wp-block-column-is-layout-flow\"><\/div>\n<\/div>\n\n\n\n<p><\/p>\n","protected":false},"excerpt":{"rendered":"<p>Hvorfor tilmelde din virksomhed? Ved at tilmelde dig Leverand\u00f8rservice f\u00e5r du en enkel og professionel betalingsl\u00f8sning, der passer til B2B-samarbejder med faste leverancer og gentagne betalinger.&nbsp; Fordele for dig som kunde: Tryghed og kontrol:Du kan til enhver tid afmelde\/slette betalingstilladelsen via din bank eller ved at kontakte os. Det koster ikke noget at slette en &hellip; <\/p>\n<p class=\"link-more\"><a href=\"https:\/\/yummyfruit.dk\/index.php\/leverandoerservice\/\" class=\"more-link\">L\u00e6s mere<span class=\"screen-reader-text\"> \u201cLeverand\u00f8rservice\u201d<\/span><\/a><\/p>\n","protected":false},"author":1,"featured_media":0,"parent":0,"menu_order":0,"comment_status":"closed","ping_status":"closed","template":"","meta":{"footnotes":""},"class_list":["post-2071","page","type-page","status-publish","hentry"],"_links":{"self":[{"href":"https:\/\/yummyfruit.dk\/index.php\/wp-json\/wp\/v2\/pages\/2071","targetHints":{"allow":["GET"]}}],"collection":[{"href":"https:\/\/yummyfruit.dk\/index.php\/wp-json\/wp\/v2\/pages"}],"about":[{"href":"https:\/\/yummyfruit.dk\/index.php\/wp-json\/wp\/v2\/types\/page"}],"author":[{"embeddable":true,"href":"https:\/\/yummyfruit.dk\/index.php\/wp-json\/wp\/v2\/users\/1"}],"replies":[{"embeddable":true,"href":"https:\/\/yummyfruit.dk\/index.php\/wp-json\/wp\/v2\/comments?post=2071"}],"version-history":[{"count":10,"href":"https:\/\/yummyfruit.dk\/index.php\/wp-json\/wp\/v2\/pages\/2071\/revisions"}],"predecessor-version":[{"id":2137,"href":"https:\/\/yummyfruit.dk\/index.php\/wp-json\/wp\/v2\/pages\/2071\/revisions\/2137"}],"wp:attachment":[{"href":"https:\/\/yummyfruit.dk\/index.php\/wp-json\/wp\/v2\/media?parent=2071"}],"curies":[{"name":"wp","href":"https:\/\/api.w.org\/{rel}","templated":true}]}}